{"id":389,"date":"2025-03-13T20:44:02","date_gmt":"2025-03-13T19:44:02","guid":{"rendered":"https:\/\/www.entornosite.ramirocarrion.com\/wordpress\/?page_id=389"},"modified":"2025-05-02T18:04:14","modified_gmt":"2025-05-02T16:04:14","slug":"plida-2","status":"publish","type":"page","link":"https:\/\/www.entornosite.ramirocarrion.com\/wordpress\/plida-2\/","title":{"rendered":"PLIDA"},"content":{"rendered":"<p>[et_pb_section fb_built=\u00bb1&#8243; admin_label=\u00bbService\u00bb _builder_version=\u00bb4.18.0&#8243; _module_preset=\u00bbdefault\u00bb background_color=\u00bb#000000&#8243; custom_padding=\u00bb||10px|||\u00bb collapsed=\u00bbon\u00bb global_colors_info=\u00bb{}\u00bb][et_pb_row _builder_version=\u00bb4.18.0&#8243; _module_preset=\u00bbdefault\u00bb custom_padding=\u00bb||0px||false|false\u00bb global_colors_info=\u00bb{}\u00bb][et_pb_column type=\u00bb4_4&#8243; _builder_version=\u00bb4.18.0&#8243; _module_preset=\u00bbdefault\u00bb global_colors_info=\u00bb{}\u00bb][et_pb_text _builder_version=\u00bb4.27.4&#8243; _module_preset=\u00bbe6504a1b-67eb-4b3d-b023-bcab277610b6&#8243; header_4_font=\u00bbUbuntu|700||on|||||\u00bb header_4_text_color=\u00bb#7090AE\u00bb header_4_font_size=\u00bb14px\u00bb header_4_line_height=\u00bb1.5em\u00bb custom_margin=\u00bb||0px||false|false\u00bb custom_padding=\u00bb0px|||||\u00bb inline_fonts=\u00bbLato\u00bb global_colors_info=\u00bb{}\u00bb]<\/p>\n<p style=\"text-align: left;\"><span style=\"font-family: Lato; font-weight: normal; font-size: medium;\"><\/span><\/p>\n<h4><span style=\"color: #ffffff;\"><strong><span style=\"font-family: Lato;\">PLIDA<\/span><\/strong>\u00a0<\/span><\/h4>\n<p>[\/et_pb_text][\/et_pb_column][\/et_pb_row][et_pb_row column_structure=\u00bb2_5,3_5&#8243; _builder_version=\u00bb4.27.4&#8243; _module_preset=\u00bbdefault\u00bb custom_margin=\u00bb|auto|-34px|auto||\u00bb global_colors_info=\u00bb{}\u00bb][et_pb_column type=\u00bb2_5&#8243; _builder_version=\u00bb4.18.0&#8243; _module_preset=\u00bbdefault\u00bb custom_padding_tablet=\u00bb||30px||false|false\u00bb custom_padding_phone=\u00bb||30px||false|false\u00bb custom_padding_last_edited=\u00bbon|tablet\u00bb global_colors_info=\u00bb{}\u00bb][et_pb_text _builder_version=\u00bb4.18.0&#8243; _module_preset=\u00bbb327cbe4-b1d5-4b66-ad37-40c8f2f061ba\u00bb header_2_font=\u00bbPlayfair Display|700|||||||\u00bb header_2_text_color=\u00bb#FFFFFF\u00bb header_2_font_size=\u00bb45px\u00bb header_2_line_height=\u00bb1.35em\u00bb header_2_font_size_tablet=\u00bb32px\u00bb header_2_font_size_phone=\u00bb20px\u00bb header_2_font_size_last_edited=\u00bbon|desktop\u00bb inline_fonts=\u00bbLato\u00bb global_colors_info=\u00bb{}\u00bb]<\/p>\n<h2><strong><span style=\"font-family: Lato;\">Certificaci\u00f3n del Idioma Italiano: PLIDA Progetto Lingua Italiana Dante Alighieri: PLIDA<\/span><\/strong><\/h2>\n<p>[\/et_pb_text][et_pb_button button_text=\u00bbSolicitar m\u00e1s INFORMACI\u00d3N\u00bb _builder_version=\u00bb4.27.4&#8243; _module_preset=\u00bb9a3a7eec-d831-47cf-ab72-ba2c6c8ed587&#8243; custom_button=\u00bbon\u00bb button_text_size=\u00bb14px\u00bb button_text_color=\u00bb#FFFFFF\u00bb button_bg_color=\u00bbRGBA(255,255,255,0)\u00bb button_border_color=\u00bb#7090AE\u00bb button_border_radius=\u00bb0px\u00bb button_font=\u00bbUbuntu|700||on|||||\u00bb custom_padding=\u00bb16px|24px|16px|24px|true|true\u00bb global_colors_info=\u00bb{}\u00bb][\/et_pb_button][\/et_pb_column][et_pb_column type=\u00bb3_5&#8243; _builder_version=\u00bb4.18.0&#8243; _module_preset=\u00bbdefault\u00bb global_colors_info=\u00bb{}\u00bb][et_pb_text _builder_version=\u00bb4.27.4&#8243; _module_preset=\u00bb1f09816e-184e-4ce5-a4cf-b39c52c423ca\u00bb text_font=\u00bbNanum Gothic||||||||\u00bb text_text_color=\u00bb#FFFFFF\u00bb text_font_size=\u00bb16px\u00bb text_line_height=\u00bb1.8em\u00bb text_font_size_tablet=\u00bb15px\u00bb text_font_size_phone=\u00bb14px\u00bb text_font_size_last_edited=\u00bbon|phone\u00bb header_font_size_tablet=\u00bb55px\u00bb header_font_size_last_edited=\u00bboff|desktop\u00bb locked=\u00bboff\u00bb inline_fonts=\u00bbLato\u00bb global_colors_info=\u00bb{}\u00bb]<\/p>\n<p style=\"text-align: left;\"><span style=\"font-family: Lato; font-weight: normal; font-size: medium;\"><br \/>En el \u00e1mbito de las pol\u00edticas de difusi\u00f3n de la cultura italiana en el extranjero, la certificaci\u00f3n del conocimiento del Italiano como lengua extranjera o L2, se hace en Italia a trav\u00e9s de algunas universidades: Universit\u00e1 di Siena, Universit\u00e1 La Sapienza y La Dante Alighieri.<\/span><\/p>\n<p><span style=\"font-family: Lato;\">El PLIDA es uno de los mejores ex\u00e1menes de certificaci\u00f3n que hay para la Lengua Italiana, la SDA (Societ\u00e1 Dante Alighieri) ha desarrollado una gran experiencia en este sector y trabaja colaborando con el mundo educativo italiano.<\/span><\/p>\n<p><span style=\"font-family: Lato;\">Colabora con las principales entidades italianas del \u00e1mbito de la educaci\u00f3n y la cultura. Ha hecho acuerdos con:<\/span><\/p>\n<p><span style=\"font-family: Lato;\">-Universit\u00e1 Per Stranieri di Siena<\/span><\/p>\n<p><span style=\"font-family: Lato;\">-Universit\u00e1 Roma Tre<\/span><\/p>\n<p><span style=\"font-family: Lato;\">-CALCIF: Centro Ateneo \u201cGiuseppe e Chiara Feltrinelli\u201d entrega PLIDA Comercial para la Lengua Sectorial<\/span><\/p>\n<p><span style=\"font-family: Lato;\">-University Braca Karic, Faculty for Trade and Banking, Universidad en Belgrado que promueve y realiza proyectos de Investigaci\u00f3n cuyo objeto es la Ense\u00f1anza del Italiano, sus estructuras y aspectos socioling\u00fc\u00edsticos de la difusi\u00f3n de la Lengua Italiana.<\/span><\/p>\n<p><span style=\"font-family: Lato;\">&#8211; MIUR: Ministerio de la Instrucci\u00f3n, De La Universidad y De la Investigaci\u00f3n, que promueve proyectos de reformas para afirmar el rol central de la instrucci\u00f3n de alto perfil y especializaci\u00f3n.<\/span><\/p>\n<p><span style=\"font-family: Lato;\">&#8211; Ministero del Lavoro e Delle Politiche Sociali: entregan cursos para la formaci\u00f3n ling\u00fc\u00edstica y la formaci\u00f3n cultural para los ciudadanos inmigrados extracomunitarios (Afuera de Europa).<\/span><\/p>\n<p><span style=\"font-family: Lato;\">-C\u00e1mara de Comercio Italiana para Suiza: entrega cursos de formaci\u00f3n y puesta al d\u00eda para profesores de Lengua Italiana, para el comercio, las empresas y la industria<\/span><\/p>\n<p><span style=\"font-family: Lato;\">-ICE: Istituto Nazionale per il Commercio Estero: promueve actividades de formaci\u00f3n para los dependientes extranjeros que trabajan en las oficinas ICE en el mundo.<\/span><\/p>\n<p><span style=\"font-family: Lato;\">Con el objeto de garantizar un sistema coordinado, mediante certificaciones reconocidas que responden a los criterios establecidos por: Quadro Comune Europeo del Consiglio d\u2019Europa, con una estructura de 6 niveles de conocimiento:<\/span><\/p>\n<p><span style=\"font-family: Lato;\">A1, A2 = Nivel B\u00e1sico<\/span><\/p>\n<p><span style=\"font-family: Lato;\">B1, B2 = Nivel Medio<\/span><\/p>\n<p><span style=\"font-family: Lato;\">C1, C2 = Nivel de la Profesi\u00f3n<\/span><\/p>\n<p>[\/et_pb_text][\/et_pb_column][\/et_pb_row][\/et_pb_section][et_pb_section fb_built=\u00bb1&#8243; admin_label=\u00bbService\u00bb _builder_version=\u00bb4.18.0&#8243; _module_preset=\u00bbdefault\u00bb custom_padding=\u00bb0px||0px||true|false\u00bb locked=\u00bboff\u00bb collapsed=\u00bbon\u00bb global_colors_info=\u00bb{}\u00bb][et_pb_row column_structure=\u00bb1_2,1_2&#8243; use_custom_gutter=\u00bbon\u00bb gutter_width=\u00bb1&#8243; make_equal=\u00bbon\u00bb _builder_version=\u00bb4.27.4&#8243; _module_preset=\u00bbdefault\u00bb width=\u00bb100%\u00bb max_width=\u00bb100%\u00bb custom_margin=\u00bb-44px|auto||auto||\u00bb custom_padding=\u00bb0px||0px||true|false\u00bb global_colors_info=\u00bb{}\u00bb][et_pb_column type=\u00bb1_2&#8243; _builder_version=\u00bb4.18.0&#8243; _module_preset=\u00bbdefault\u00bb custom_padding=\u00bb15%|8%|15%|8%|true|false\u00bb global_colors_info=\u00bb{}\u00bb][et_pb_text _builder_version=\u00bb4.18.0&#8243; _module_preset=\u00bb1f09816e-184e-4ce5-a4cf-b39c52c423ca\u00bb text_font=\u00bbNanum Gothic||||||||\u00bb text_font_size=\u00bb16px\u00bb text_line_height=\u00bb1.8em\u00bb custom_margin=\u00bb-137px||29px||false|false\u00bb custom_padding=\u00bb50px|||||\u00bb text_font_size_tablet=\u00bb15px\u00bb text_font_size_phone=\u00bb14px\u00bb text_font_size_last_edited=\u00bbon|phone\u00bb header_font_size_tablet=\u00bb55px\u00bb header_font_size_last_edited=\u00bboff|desktop\u00bb inline_fonts=\u00bbLato\u00bb global_colors_info=\u00bb{}\u00bb]<\/p>\n<p><span style=\"font-size: large;\"><strong><span style=\"font-family: Lato;\">Estructura de los Ex\u00e1menes:<\/span><\/strong><\/span><\/p>\n<p><span style=\"font-family: Lato;\">Estos ex\u00e1menes se toman en 4 habilidades: Escribir, Escuchar, Hablar, Leer.<\/span><\/p>\n<p><span style=\"font-size: large;\"><strong><span style=\"font-family: Lato;\">Escribir<\/span><\/strong><\/span><\/p>\n<p><span style=\"font-family: Lato;\">Se da un tema y hay que desarrollarlo con las indicaciones de cada nivel, midiendo el n\u00famero de palabras, es una prueba que mide la capacidad de usar todos los elementos aprendidos en los cursos y tiene un nivel de dificultad relacionado con el nivel dado.<\/span><\/p>\n<p><span style=\"font-size: large;\"><strong><span style=\"font-family: Lato;\">Escuchar<\/span><\/strong><\/span><\/p>\n<p><span style=\"font-family: Lato;\">El examinando (alumno), escucha un texto y debe poder identificar el test que se hace a continuaci\u00f3n; generalmente, el alumno que ha seguido los cursos est\u00e1 entrenado para esta habilidad porque durante las clases hay muchos ejercicios de este tipo.<\/span><\/p>\n<p>[\/et_pb_text][\/et_pb_column][et_pb_column type=\u00bb1_2&#8243; _builder_version=\u00bb4.27.4&#8243; _module_preset=\u00bbdefault\u00bb background_image=\u00bbhttps:\/\/www.entornosite.ramirocarrion.com\/wordpress\/wp-content\/uploads\/2025\/03\/dante_plida_002.jpg\u00bb global_colors_info=\u00bb{}\u00bb][et_pb_divider show_divider=\u00bboff\u00bb _builder_version=\u00bb4.18.0&#8243; _module_preset=\u00bbdefault\u00bb height_tablet=\u00bb40vw\u00bb height_phone=\u00bb40vw\u00bb height_last_edited=\u00bbon|desktop\u00bb global_colors_info=\u00bb{}\u00bb][\/et_pb_divider][\/et_pb_column][\/et_pb_row][\/et_pb_section][et_pb_section fb_built=\u00bb1&#8243; admin_label=\u00bbService\u00bb _builder_version=\u00bb4.18.0&#8243; _module_preset=\u00bbdefault\u00bb custom_padding=\u00bb0px||0px||true|false\u00bb locked=\u00bboff\u00bb collapsed=\u00bbon\u00bb global_colors_info=\u00bb{}\u00bb][et_pb_row column_structure=\u00bb1_2,1_2&#8243; use_custom_gutter=\u00bbon\u00bb gutter_width=\u00bb1&#8243; make_equal=\u00bbon\u00bb _builder_version=\u00bb4.27.4&#8243; _module_preset=\u00bbdefault\u00bb background_image=\u00bbhttps:\/\/www.entornosite.ramirocarrion.com\/wordpress\/wp-content\/uploads\/2025\/03\/dante_plida_002.jpg\u00bb width=\u00bb100%\u00bb max_width=\u00bb100%\u00bb custom_padding=\u00bb0px||0px||true|false\u00bb global_colors_info=\u00bb{}\u00bb][et_pb_column type=\u00bb1_2&#8243; _builder_version=\u00bb4.27.4&#8243; _module_preset=\u00bbdefault\u00bb background_image=\u00bbhttps:\/\/www.entornosite.ramirocarrion.com\/wordpress\/wp-content\/uploads\/2025\/03\/dante_plida_001.jpg\u00bb background_position=\u00bbtop_center\u00bb global_colors_info=\u00bb{}\u00bb][et_pb_divider show_divider=\u00bboff\u00bb _builder_version=\u00bb4.18.0&#8243; _module_preset=\u00bbdefault\u00bb height_tablet=\u00bb60vw\u00bb height_phone=\u00bb60vw\u00bb height_last_edited=\u00bbon|phone\u00bb global_colors_info=\u00bb{}\u00bb][\/et_pb_divider][\/et_pb_column][et_pb_column type=\u00bb1_2&#8243; _builder_version=\u00bb4.27.4&#8243; _module_preset=\u00bbdefault\u00bb background_color=\u00bb#60c3f0&#8243; custom_padding=\u00bb15%|8%|15%|8%|true|false\u00bb global_colors_info=\u00bb{}\u00bb][et_pb_text _builder_version=\u00bb4.27.4&#8243; _module_preset=\u00bb1f09816e-184e-4ce5-a4cf-b39c52c423ca\u00bb text_font=\u00bbNanum Gothic||||||||\u00bb text_text_color=\u00bb#FFFFFF\u00bb text_font_size=\u00bb16px\u00bb text_line_height=\u00bb1.8em\u00bb custom_margin=\u00bb-168px||30px||false|false\u00bb custom_padding=\u00bb127px|||||\u00bb hover_enabled=\u00bb0&#8243; text_font_size_tablet=\u00bb15px\u00bb text_font_size_phone=\u00bb14px\u00bb text_font_size_last_edited=\u00bbon|phone\u00bb header_font_size_tablet=\u00bb55px\u00bb header_font_size_last_edited=\u00bboff|desktop\u00bb inline_fonts=\u00bbLato\u00bb global_colors_info=\u00bb{}\u00bb sticky_enabled=\u00bb0&#8243;]<\/p>\n<p><span style=\"font-size: large;\"><strong><span style=\"font-family: Lato;\">Hablar<\/span><\/strong><\/span><\/p>\n<p><span style=\"font-family: Lato; font-weight: normal;\">En esta habilidad, el examinando (alumno) se presenta frente a una comisi\u00f3n que le propone temas adecuados a su nivel; lo importante en todos los niveles es la presentaci\u00f3n, poder describir, poder interactuar ya sea con un compa\u00f1ero o bien con el profesor de la comisi\u00f3n. Este examen se graba y la grabaci\u00f3n va a la sede central de Roma.<\/span><\/p>\n<p><span style=\"font-size: large;\"><strong><span style=\"font-family: Lato;\">Leer<\/span><\/strong><\/span><\/p>\n<p><span style=\"font-family: Lato; font-weight: normal;\">Se propone un texto y a continuaci\u00f3n se debe responder un test relacionado con este.<\/span><\/p>\n<p><span style=\"font-family: Lato; font-weight: normal;\">Estos ex\u00e1menes se hacen en Roma, la Sede Central, que env\u00eda el material a cada Sede Certificadora en el mundo.<\/span><\/p>\n<p><span style=\"font-family: Lato; font-weight: normal;\">Los ex\u00e1menes rendidos se env\u00edan a Roma para su correcci\u00f3n.\u00a0<\/span><\/p>\n<p><span style=\"font-family: Lato; font-weight: normal;\">Los profesores que conforman las Comisiones de Examen deben ser aceptados desde la Sede Central que controla curriculum y experiencias adquiridas a trav\u00e9s de ex\u00e1menes de capacitaci\u00f3n que imparten los profesores de la Dante de Roma online. <\/span><\/p>\n<p>[\/et_pb_text][\/et_pb_column][\/et_pb_row][\/et_pb_section][et_pb_section fb_built=\u00bb1&#8243; admin_label=\u00bbService\u00bb _builder_version=\u00bb4.18.0&#8243; _module_preset=\u00bbdefault\u00bb background_color=\u00bb#000000&#8243; custom_padding=\u00bb0px||0px||true|false\u00bb locked=\u00bboff\u00bb collapsed=\u00bbon\u00bb global_colors_info=\u00bb{}\u00bb][et_pb_row column_structure=\u00bb1_2,1_2&#8243; use_custom_gutter=\u00bbon\u00bb gutter_width=\u00bb1&#8243; make_equal=\u00bbon\u00bb _builder_version=\u00bb4.27.4&#8243; _module_preset=\u00bbdefault\u00bb width=\u00bb100%\u00bb max_width=\u00bb100%\u00bb custom_padding=\u00bb0px||0px||true|false\u00bb global_colors_info=\u00bb{}\u00bb][et_pb_column type=\u00bb1_2&#8243; _builder_version=\u00bb4.18.0&#8243; _module_preset=\u00bbdefault\u00bb custom_padding=\u00bb10%|8%|10%|8%|true|false\u00bb global_colors_info=\u00bb{}\u00bb][et_pb_text _builder_version=\u00bb4.27.4&#8243; _module_preset=\u00bb1f09816e-184e-4ce5-a4cf-b39c52c423ca\u00bb text_font=\u00bbNanum Gothic||||||||\u00bb text_text_color=\u00bb#FFFFFF\u00bb text_font_size=\u00bb16px\u00bb text_line_height=\u00bb1.8em\u00bb custom_margin=\u00bb-25px||30px||false|false\u00bb custom_padding=\u00bb0px|||||\u00bb hover_enabled=\u00bb0&#8243; text_font_size_tablet=\u00bb15px\u00bb text_font_size_phone=\u00bb14px\u00bb text_font_size_last_edited=\u00bbon|phone\u00bb header_font_size_tablet=\u00bb55px\u00bb header_font_size_last_edited=\u00bboff|desktop\u00bb inline_fonts=\u00bbLato\u00bb global_colors_info=\u00bb{}\u00bb sticky_enabled=\u00bb0&#8243;]<\/p>\n<p><span style=\"font-size: large;\"><strong><span style=\"font-family: Lato;\">Fechas de ex\u00e1menes<\/span><\/strong><\/span><\/p>\n<p><span style=\"font-family: Lato; font-weight: normal;\">Generalmente esta sede los toma en dos fechas: junio y noviembre.<\/span><\/p>\n<p><span style=\"font-family: Lato; font-weight: normal;\">Se avisan en nuestra p\u00e1gina web www.ladante.cl y en www.ladante.it<\/span><\/p>\n<p><span style=\"font-family: Lato; font-weight: normal;\"><strong>Calificaci\u00f3n:<\/strong> el Examen se aprueba con un porcentaje de 18\/30<\/span><\/p>\n<p><span style=\"font-family: Lato; font-weight: normal;\">El que no apruebe el nivel, lo puede repetir en la siguiente fecha en que se tomar\u00e1n los ex\u00e1menes; se pueden repetir hasta 3 habilidades.<\/span><\/p>\n<p><span style=\"font-family: Lato; font-weight: normal;\">El examen de repetici\u00f3n debe hacerse dentro del a\u00f1o siguiente y no dejar pasar m\u00e1s tiempo, si no, habr\u00e1 que repetirlo completo.<\/span><\/p>\n<p>[\/et_pb_text][\/et_pb_column][et_pb_column type=\u00bb1_2&#8243; _builder_version=\u00bb4.27.4&#8243; _module_preset=\u00bbdefault\u00bb background_image=\u00bbhttps:\/\/www.entornosite.ramirocarrion.com\/wordpress\/wp-content\/uploads\/2025\/03\/dante_plida_003.jpg\u00bb global_colors_info=\u00bb{}\u00bb][et_pb_divider show_divider=\u00bboff\u00bb _builder_version=\u00bb4.18.0&#8243; _module_preset=\u00bbdefault\u00bb height_tablet=\u00bb40vw\u00bb height_phone=\u00bb40vw\u00bb height_last_edited=\u00bbon|desktop\u00bb global_colors_info=\u00bb{}\u00bb][\/et_pb_divider][\/et_pb_column][\/et_pb_row][\/et_pb_section][et_pb_section fb_built=\u00bb1&#8243; _builder_version=\u00bb4.27.4&#8243; _module_preset=\u00bbdefault\u00bb background_color=\u00bb#f1f1f1&#8243; custom_margin=\u00bb-12px|||||\u00bb custom_padding=\u00bb45px|||||\u00bb global_colors_info=\u00bb{}\u00bb][et_pb_row column_structure=\u00bb1_4,1_4,1_4,1_4&#8243; _builder_version=\u00bb4.27.4&#8243; _module_preset=\u00bbdefault\u00bb global_colors_info=\u00bb{}\u00bb][et_pb_column type=\u00bb1_4&#8243; _builder_version=\u00bb4.27.4&#8243; _module_preset=\u00bbdefault\u00bb global_colors_info=\u00bb{}\u00bb][et_pb_text _builder_version=\u00bb4.27.4&#8243; _module_preset=\u00bbdefault\u00bb inline_fonts=\u00bbLato\u00bb global_colors_info=\u00bb{}\u00bb]<\/p>\n<p><span style=\"font-size: large;\"><strong><span style=\"font-family: Lato;\">Ex\u00e1menes completos <\/span><\/strong><\/span><br \/><span style=\"font-family: Lato; font-weight: normal;\">A1: 130.00 euros (\u0404)<\/span><br \/><span style=\"font-family: Lato; font-weight: normal;\">A2: 130.00 euros (\u0404)<\/span><br \/><span style=\"font-family: Lato; font-weight: normal;\">B1: 130.00 euros (\u0404)<\/span><br \/><span style=\"font-family: Lato; font-weight: normal;\">B2: 140.00 euros (\u0404)<\/span><br \/><span style=\"font-family: Lato; font-weight: normal;\">C1: 140.00 euros (\u0404)<\/span><br \/><span style=\"font-family: Lato; font-weight: normal;\">C2: 140.00 euros (\u0404)<\/span><\/p>\n<p>[\/et_pb_text][\/et_pb_column][et_pb_column type=\u00bb1_4&#8243; _builder_version=\u00bb4.27.4&#8243; _module_preset=\u00bbdefault\u00bb global_colors_info=\u00bb{}\u00bb][et_pb_text _builder_version=\u00bb4.27.4&#8243; _module_preset=\u00bbdefault\u00bb inline_fonts=\u00bbLato\u00bb global_colors_info=\u00bb{}\u00bb]<\/p>\n<p><span style=\"font-size: large;\"><strong><span style=\"font-family: Lato;\">Una Habilidad: <\/span><\/strong><\/span><br \/><span style=\"font-family: Lato; font-weight: normal;\">A1: 100.00 euros (\u0404)<\/span><br \/><span style=\"font-family: Lato; font-weight: normal;\">A2: 100.00 euros (\u0404)<\/span><br \/><span style=\"font-family: Lato; font-weight: normal;\">B1: 100.00 euros (\u0404)<\/span><br \/><span style=\"font-family: Lato; font-weight: normal;\">B2: 100.00 euros (\u0404)<\/span><br \/><span style=\"font-family: Lato; font-weight: normal;\">C1: 100.00 euros (\u0404)<\/span><br \/><span style=\"font-family: Lato; font-weight: normal;\">C2 : 100.00 euros (\u0404)<\/span><\/p>\n<p>[\/et_pb_text][\/et_pb_column][et_pb_column type=\u00bb1_4&#8243; _builder_version=\u00bb4.27.4&#8243; _module_preset=\u00bbdefault\u00bb global_colors_info=\u00bb{}\u00bb][et_pb_text _builder_version=\u00bb4.27.4&#8243; _module_preset=\u00bbdefault\u00bb inline_fonts=\u00bbLato\u00bb global_colors_info=\u00bb{}\u00bb]<\/p>\n<p><span style=\"font-size: large;\"><strong><span style=\"font-family: Lato;\">Dos Habilidades: <\/span><\/strong><\/span><br \/><span style=\"font-family: Lato; font-weight: normal;\">A1: 100.00 euros (\u0404)<\/span><br \/><span style=\"font-family: Lato; font-weight: normal;\">A2: 100.00 euros (\u0404)<\/span><br \/><span style=\"font-family: Lato; font-weight: normal;\">B1: 100.00 euros (\u0404)<\/span><br \/><span style=\"font-family: Lato; font-weight: normal;\">B2: 100.00 euros (\u0404)<\/span><br \/><span style=\"font-family: Lato; font-weight: normal;\">C1: 100.00 euros (\u0404)<\/span><br \/><span style=\"font-family: Lato; font-weight: normal;\">C2: 100.00 euros (\u0404)<\/span><\/p>\n<p>[\/et_pb_text][\/et_pb_column][et_pb_column type=\u00bb1_4&#8243; _builder_version=\u00bb4.27.4&#8243; _module_preset=\u00bbdefault\u00bb global_colors_info=\u00bb{}\u00bb][et_pb_text _builder_version=\u00bb4.27.4&#8243; _module_preset=\u00bbdefault\u00bb inline_fonts=\u00bbLato\u00bb global_colors_info=\u00bb{}\u00bb]<\/p>\n<p><span style=\"font-size: large;\"><strong><span style=\"font-family: Lato;\">Tres Habilidades<\/span><\/strong><\/span><br \/><span style=\"font-family: Lato; font-weight: normal;\">A1: 100.00 euros (\u0404)<\/span><br \/><span style=\"font-family: Lato; font-weight: normal;\">A2: 100.00 euros (\u0404)<\/span><br \/><span style=\"font-family: Lato; font-weight: normal;\">B1: 100.00 euros (\u0404)<\/span><br \/><span style=\"font-family: Lato; font-weight: normal;\">B2: 100.00 euros (\u0404)<\/span><br \/><span style=\"font-family: Lato; font-weight: normal;\">C1: 100.00 euros (\u0404)<\/span><br \/><span style=\"font-family: Lato; font-weight: normal;\">C2: 100.00 euros (\u0404)<\/span><\/p>\n<p>[\/et_pb_text][\/et_pb_column][\/et_pb_row][\/et_pb_section][et_pb_section fb_built=\u00bb1&#8243; admin_label=\u00bbFooter\u00bb _builder_version=\u00bb4.27.4&#8243; _module_preset=\u00bbdefault\u00bb background_color=\u00bb#212121&#8243; background_enable_image=\u00bboff\u00bb custom_padding=\u00bb107px|||||\u00bb saved_tabs=\u00bball\u00bb collapsed=\u00bbon\u00bb global_colors_info=\u00bb{}\u00bb][et_pb_row column_structure=\u00bb1_3,1_3,1_3&#8243; _builder_version=\u00bb4.27.4&#8243; _module_preset=\u00bbdefault\u00bb global_colors_info=\u00bb{}\u00bb][et_pb_column type=\u00bb1_3&#8243; _builder_version=\u00bb4.27.4&#8243; _module_preset=\u00bbdefault\u00bb global_colors_info=\u00bb{}\u00bb][et_pb_text _builder_version=\u00bb4.27.4&#8243; _module_preset=\u00bbdefault\u00bb global_colors_info=\u00bb{}\u00bb]<\/p>\n<p><strong><span style=\"font-size: x-large; color: #ffffff;\">Redes Sociales<\/span><\/strong><\/p>\n<p>[\/et_pb_text][et_pb_social_media_follow _builder_version=\u00bb4.27.4&#8243; _module_preset=\u00bbdefault\u00bb custom_margin=\u00bb||18px|||\u00bb global_colors_info=\u00bb{}\u00bb][et_pb_social_media_follow_network social_network=\u00bbfacebook\u00bb use_icon_font_size=\u00bbon\u00bb icon_font_size=\u00bb24px\u00bb _builder_version=\u00bb4.27.4&#8243; _module_preset=\u00bbdefault\u00bb background_enable_color=\u00bboff\u00bb global_colors_info=\u00bb{}\u00bb follow_button=\u00bboff\u00bb url_new_window=\u00bbon\u00bb]facebook[\/et_pb_social_media_follow_network][et_pb_social_media_follow_network social_network=\u00bbinstagram\u00bb use_icon_font_size=\u00bbon\u00bb icon_font_size=\u00bb24px\u00bb _builder_version=\u00bb4.27.4&#8243; _module_preset=\u00bbdefault\u00bb background_enable_color=\u00bboff\u00bb global_colors_info=\u00bb{}\u00bb follow_button=\u00bboff\u00bb url_new_window=\u00bbon\u00bb]instagram[\/et_pb_social_media_follow_network][\/et_pb_social_media_follow][\/et_pb_column][et_pb_column type=\u00bb1_3&#8243; _builder_version=\u00bb4.27.4&#8243; _module_preset=\u00bbdefault\u00bb global_colors_info=\u00bb{}\u00bb][et_pb_text _builder_version=\u00bb4.27.4&#8243; _module_preset=\u00bbdefault\u00bb global_colors_info=\u00bb{}\u00bb]<\/p>\n<p style=\"text-align: left;\"><span style=\"font-size: x-large;\"><strong><span style=\"font-family: Lato; color: #ffffff;\">Contacto<\/span><\/strong><\/span><\/p>\n<p>[\/et_pb_text][et_pb_text _builder_version=\u00bb4.27.4&#8243; _module_preset=\u00bbdefault\u00bb global_colors_info=\u00bb{}\u00bb]<\/p>\n<p style=\"text-align: left;\"><span style=\"font-family: Lato; font-weight: normal; font-size: medium; color: #ffffff;\">Fijo: 22 885 85 19<br \/>Cel.: 9 &#8211; 429 76 95<br \/>mariarosaghi@yahoo.it<\/span><\/p>\n<p>[\/et_pb_text][\/et_pb_column][et_pb_column type=\u00bb1_3&#8243; _builder_version=\u00bb4.27.4&#8243; _module_preset=\u00bbdefault\u00bb global_colors_info=\u00bb{}\u00bb][et_pb_image src=\u00bbhttps:\/\/www.entornosite.ramirocarrion.com\/wordpress\/wp-content\/uploads\/2025\/03\/dante_logo_footer.png\u00bb title_text=\u00bbdante_logo_footer\u00bb align=\u00bbright\u00bb _builder_version=\u00bb4.27.4&#8243; _module_preset=\u00bbdefault\u00bb custom_padding=\u00bb|100px||100px||\u00bb global_colors_info=\u00bb{}\u00bb][\/et_pb_image][\/et_pb_column][\/et_pb_row][\/et_pb_section]<\/p>\n","protected":false},"excerpt":{"rendered":"<p>PLIDA\u00a0Certificaci\u00f3n del Idioma Italiano: PLIDA Progetto Lingua Italiana Dante Alighieri: PLIDAEn el \u00e1mbito de las pol\u00edticas de difusi\u00f3n de la cultura italiana en el extranjero, la certificaci\u00f3n del conocimiento del Italiano como lengua extranjera o L2, se hace en Italia a trav\u00e9s de algunas universidades: Universit\u00e1 di Siena, Universit\u00e1 La Sapienza y La Dante Alighieri. [&hellip;]<\/p>\n","protected":false},"author":1,"featured_media":0,"parent":0,"menu_order":0,"comment_status":"closed","ping_status":"closed","template":"","meta":{"_et_pb_use_builder":"on","_et_pb_old_content":"","_et_gb_content_width":"","footnotes":""},"class_list":["post-389","page","type-page","status-publish","hentry"],"_links":{"self":[{"href":"https:\/\/www.entornosite.ramirocarrion.com\/wordpress\/wp-json\/wp\/v2\/pages\/389","targetHints":{"allow":["GET"]}}],"collection":[{"href":"https:\/\/www.entornosite.ramirocarrion.com\/wordpress\/wp-json\/wp\/v2\/pages"}],"about":[{"href":"https:\/\/www.entornosite.ramirocarrion.com\/wordpress\/wp-json\/wp\/v2\/types\/page"}],"author":[{"embeddable":true,"href":"https:\/\/www.entornosite.ramirocarrion.com\/wordpress\/wp-json\/wp\/v2\/users\/1"}],"replies":[{"embeddable":true,"href":"https:\/\/www.entornosite.ramirocarrion.com\/wordpress\/wp-json\/wp\/v2\/comments?post=389"}],"version-history":[{"count":15,"href":"https:\/\/www.entornosite.ramirocarrion.com\/wordpress\/wp-json\/wp\/v2\/pages\/389\/revisions"}],"predecessor-version":[{"id":483,"href":"https:\/\/www.entornosite.ramirocarrion.com\/wordpress\/wp-json\/wp\/v2\/pages\/389\/revisions\/483"}],"wp:attachment":[{"href":"https:\/\/www.entornosite.ramirocarrion.com\/wordpress\/wp-json\/wp\/v2\/media?parent=389"}],"curies":[{"name":"wp","href":"https:\/\/api.w.org\/{rel}","templated":true}]}}