{"id":372,"date":"2025-03-13T20:33:15","date_gmt":"2025-03-13T19:33:15","guid":{"rendered":"https:\/\/www.entornosite.ramirocarrion.com\/wordpress\/?page_id=372"},"modified":"2025-05-02T18:01:45","modified_gmt":"2025-05-02T16:01:45","slug":"plida","status":"publish","type":"page","link":"https:\/\/www.entornosite.ramirocarrion.com\/wordpress\/plida\/","title":{"rendered":"Curso Espa\u00f1ol"},"content":{"rendered":"<p>[et_pb_section fb_built=\u00bb1&#8243; custom_padding_last_edited=\u00bbon|tablet\u00bb admin_label=\u00bbHeader\u00bb _builder_version=\u00bb4.27.4&#8243; _module_preset=\u00bbdefault\u00bb background_color=\u00bb#878787&#8243; background_image=\u00bbhttps:\/\/www.entornosite.ramirocarrion.com\/wordpress\/wp-content\/uploads\/2025\/03\/dante_espaniol_03.jpg\u00bb background_size=\u00bbcustom\u00bb background_image_width=\u00bb50%\u00bb background_position=\u00bbcenter_left\u00bb custom_padding=\u00bb5.7%||5%||false|false\u00bb custom_padding_tablet=\u00bb8%||8%||true|false\u00bb custom_padding_phone=\u00bb8%||8%||true|false\u00bb background_last_edited=\u00bbon|tablet\u00bb background_size_tablet=\u00bbcover\u00bb background_position_tablet=\u00bbcenter\u00bb collapsed=\u00bbon\u00bb global_colors_info=\u00bb{}\u00bb][et_pb_row column_structure=\u00bb1_2,1_2&#8243; use_custom_gutter=\u00bbon\u00bb gutter_width=\u00bb1&#8243; admin_label=\u00bbRow\u00bb _builder_version=\u00bb4.27.4&#8243; _module_preset=\u00bbdefault\u00bb positioning=\u00bbabsolute\u00bb position_origin_a=\u00bbbottom_center\u00bb width=\u00bb100%\u00bb max_width=\u00bb100%\u00bb custom_padding=\u00bb||0px||false|false\u00bb locked=\u00bboff\u00bb global_colors_info=\u00bb{}\u00bb][et_pb_column type=\u00bb1_2&#8243; _builder_version=\u00bb4.27.4&#8243; _module_preset=\u00bbdefault\u00bb global_colors_info=\u00bb{}\u00bb][\/et_pb_column][et_pb_column type=\u00bb1_2&#8243; _builder_version=\u00bb4.27.4&#8243; _module_preset=\u00bbdefault\u00bb background_image_width_tablet=\u00bb40%\u00bb background_repeat_tablet=\u00bbno-repeat\u00bb background_blend_tablet=\u00bbnormal\u00bb global_colors_info=\u00bb{}\u00bb][et_pb_divider show_divider=\u00bboff\u00bb _builder_version=\u00bb4.18.0&#8243; _module_preset=\u00bbdefault\u00bb height=\u00bb100vh\u00bb global_colors_info=\u00bb{}\u00bb][\/et_pb_divider][et_pb_image src=\u00bbhttps:\/\/www.entornosite.ramirocarrion.com\/wordpress\/wp-content\/uploads\/2025\/03\/real-estate-34.png\u00bb title_text=\u00bbreal-estate-34&#8243; _builder_version=\u00bb4.18.0&#8243; _module_preset=\u00bbdefault\u00bb global_colors_info=\u00bb{}\u00bb][\/et_pb_image][\/et_pb_column][\/et_pb_row][et_pb_row column_structure=\u00bb2_5,3_5&#8243; use_custom_gutter=\u00bbon\u00bb gutter_width=\u00bb1&#8243; _builder_version=\u00bb4.27.4&#8243; _module_preset=\u00bbdefault\u00bb custom_padding=\u00bb0px||0px||true|false\u00bb global_colors_info=\u00bb{}\u00bb][et_pb_column type=\u00bb2_5&#8243; _builder_version=\u00bb4.18.0&#8243; _module_preset=\u00bbdefault\u00bb background_color=\u00bb#FFFFFF\u00bb custom_padding=\u00bb50px|50px|50px|50px|true|true\u00bb custom_padding_tablet=\u00bb30px|30px|30px|30px|true|true\u00bb custom_padding_phone=\u00bb20px|20px|20px|20px|true|true\u00bb custom_padding_last_edited=\u00bbon|desktop\u00bb global_colors_info=\u00bb{}\u00bb][et_pb_text _builder_version=\u00bb4.27.4&#8243; _module_preset=\u00bbc16985e1-e0d6-4022-964d-e2bfc04fa633&#8243; header_font=\u00bbPlayfair Display|700|||||||\u00bb header_text_color=\u00bb#000000&#8243; header_font_size=\u00bb75px\u00bb header_line_height=\u00bb1.1em\u00bb header_font_size_tablet=\u00bb40px\u00bb header_font_size_phone=\u00bb24px\u00bb header_font_size_last_edited=\u00bbon|desktop\u00bb inline_fonts=\u00bbLato\u00bb global_colors_info=\u00bb{}\u00bb]<\/p>\n<h1><span style=\"font-size: xx-large;\"><strong><span style=\"font-family: Lato;\">Lengua y Cultura Espa\u00f1ola B\u00e1sica o A1<\/span><\/strong><\/span><\/h1>\n<p>[\/et_pb_text][\/et_pb_column][et_pb_column type=\u00bb3_5&#8243; _builder_version=\u00bb4.18.0&#8243; _module_preset=\u00bbdefault\u00bb background_color=\u00bb#000000&#8243; custom_padding=\u00bb50px|50px|50px|50px|true|true\u00bb custom_padding_tablet=\u00bb30px|30px|30px|30px|true|true\u00bb custom_padding_phone=\u00bb20px|20px|20px|20px|true|true\u00bb custom_padding_last_edited=\u00bbon|desktop\u00bb global_colors_info=\u00bb{}\u00bb][et_pb_text _builder_version=\u00bb4.27.4&#8243; _module_preset=\u00bb518880c8-46c7-4ffa-b5a6-93ffa99dcc17&#8243; text_font=\u00bbNanum Gothic||||||||\u00bb text_text_color=\u00bb#FFFFFF\u00bb text_font_size=\u00bb18px\u00bb text_line_height=\u00bb1.6em\u00bb link_text_color=\u00bb#7090AE\u00bb custom_margin=\u00bb||30px||false|false\u00bb hover_enabled=\u00bb0&#8243; text_font_size_tablet=\u00bb16px\u00bb text_font_size_phone=\u00bb14px\u00bb text_font_size_last_edited=\u00bbon|phone\u00bb inline_fonts=\u00bbLato\u00bb global_colors_info=\u00bb{}\u00bb sticky_enabled=\u00bb0&#8243;]<\/p>\n<p><strong><span style=\"font-family: Lato;\">Descripci\u00f3n general:<\/span><\/strong><\/p>\n<p><span style=\"font-family: Lato;\">El curso es un acercamiento comunicativo al idioma espa\u00f1ol, y las clases son efectuadas enteramente en el idioma espa\u00f1ol, lo que permite al estudiante entrar en contacto directo con Chile y su cultura, para comprender y utilizar expresiones de uso diario y f\u00f3rmulas comunes de comunicaci\u00f3n, satisfacer necesidades concretas de comprender y ser comprendidos.<\/span><\/p>\n<p><span style=\"font-family: Lato;\"><strong>Descriptores del programa:<\/strong><\/span><\/p>\n<p><span style=\"font-family: Lato;\">El programa contar\u00e1 con elementos de fon\u00e9tica para aprender a leer y escribir en Espa\u00f1ol, para la comprensi\u00f3n oral y escrita. Al final del curso el alumno podr\u00e1 presentarse a s\u00ed mismo y estar\u00e1 en condiciones de formular preguntas b\u00e1sicas y pronunciar correctamente el idioma.<\/span><\/p>\n<p><span style=\"font-family: Lato;\"><strong>Objetivos:<\/strong><\/span><\/p>\n<p><span style=\"font-family: Lato;\">El curso permite al alumno:<\/span><\/p>\n<p><span style=\"font-family: Lato;\">\u2022 Un acercamiento comunicativo al idioma espa\u00f1ol.<\/span><\/p>\n<p><span style=\"font-family: Lato;\">\u2022 Leer y poder comunicarse en un contexto espa\u00f1ol chileno.<\/span><\/p>\n<p><span style=\"font-family: Lato;\">\u2022 Aprender elementos de cultura espa\u00f1ola chilena b\u00e1sicos a trav\u00e9s de elementos audiovisuales, textos, canciones, etc.<\/span><\/p>\n<p><span style=\"font-family: Lato;\">Pr\u00f3ximos cursos:<\/span><\/p>\n<p><span style=\"font-family: Lato;\">Estamos organizando el curso octubre-diciembre<\/span><\/p>\n<p><span style=\"font-family: Lato;\"><strong>Valor:\u00a0<\/strong>$300.000 (pesos chilenos) el trimestre, pagable en 2 cuotas o al contado.<\/span><\/p>\n<p><span style=\"font-family: Lato;\">El texto importado desde Espa\u00f1a vale $ 35.000 (pesos chilenos)<\/span><\/p>\n<p><span style=\"font-family: Lato;\"><strong>Horarios:\u00a0<\/strong>ma\u00f1anas de 11 a 13 hrs<\/span><\/p>\n<p><span style=\"font-family: Lato;\">\u00a0 \u00a0 \u00a0 \u00a0 \u00a0 \u00a0 \u00a0 \u00a0 \u00a0S\u00e1bados de 11 a 13 hrs<\/span><\/p>\n<p><span style=\"font-family: Lato;\">\u00a0 \u00a0 \u00a0 \u00a0 \u00a0 \u00a0 \u00a0 \u00a0 Tardes de 19 a 21 hrs<\/span><\/p>\n<p><span style=\"font-family: Lato;\"><strong>Cursos Especiales o empresas:<\/strong>\u00a0Contactar los mismos n\u00fameros citados.<\/span><\/p>\n<p><span style=\"font-family: Lato;\"><strong>Inscripci\u00f3n :<\/strong>En Del Inca 5720, previo aviso telef\u00f3nico o de correo Electr\u00f3nico.<\/span><\/p>\n<p><span style=\"font-family: Lato;\"><strong>N\u00fameros de tel\u00e9fono:<\/strong> 22 885 85 19 \/ +56 9 9 429 76 95<\/span><\/p>\n<p><span style=\"font-family: Lato;\"><strong>Correo electr\u00f3nico:<\/strong> mariarosaghi@yahoo.it<\/span><\/p>\n<p>[\/et_pb_text][et_pb_button button_text=\u00bbContactarme\u00bb _builder_version=\u00bb4.27.4&#8243; _module_preset=\u00bb3117bc07-6a8a-4679-b3bb-b6ed74b48a2f\u00bb custom_button=\u00bbon\u00bb button_text_size=\u00bb14px\u00bb button_text_color=\u00bb#7090AE\u00bb button_bg_color=\u00bb#E6EEF2&#8243; button_border_width=\u00bb0px\u00bb button_border_radius=\u00bb0px\u00bb button_font=\u00bbUbuntu|700||on|||||\u00bb custom_padding=\u00bb16px|24px|16px|24px|true|true\u00bb global_colors_info=\u00bb{}\u00bb][\/et_pb_button][\/et_pb_column][\/et_pb_row][\/et_pb_section][et_pb_section fb_built=\u00bb1&#8243; admin_label=\u00bbFooter\u00bb _builder_version=\u00bb4.27.4&#8243; _module_preset=\u00bbdefault\u00bb background_color=\u00bb#212121&#8243; background_enable_image=\u00bboff\u00bb custom_padding=\u00bb107px|||||\u00bb saved_tabs=\u00bball\u00bb collapsed=\u00bbon\u00bb global_colors_info=\u00bb{}\u00bb][et_pb_row column_structure=\u00bb1_3,1_3,1_3&#8243; _builder_version=\u00bb4.27.4&#8243; _module_preset=\u00bbdefault\u00bb global_colors_info=\u00bb{}\u00bb][et_pb_column type=\u00bb1_3&#8243; _builder_version=\u00bb4.27.4&#8243; _module_preset=\u00bbdefault\u00bb global_colors_info=\u00bb{}\u00bb][et_pb_text _builder_version=\u00bb4.27.4&#8243; _module_preset=\u00bbdefault\u00bb global_colors_info=\u00bb{}\u00bb]<\/p>\n<p><strong><span style=\"font-size: x-large; color: #ffffff;\">Redes Sociales<\/span><\/strong><\/p>\n<p>[\/et_pb_text][et_pb_social_media_follow _builder_version=\u00bb4.27.4&#8243; _module_preset=\u00bbdefault\u00bb custom_margin=\u00bb||18px|||\u00bb global_colors_info=\u00bb{}\u00bb][et_pb_social_media_follow_network social_network=\u00bbfacebook\u00bb use_icon_font_size=\u00bbon\u00bb icon_font_size=\u00bb24px\u00bb _builder_version=\u00bb4.27.4&#8243; _module_preset=\u00bbdefault\u00bb background_enable_color=\u00bboff\u00bb global_colors_info=\u00bb{}\u00bb follow_button=\u00bboff\u00bb url_new_window=\u00bbon\u00bb]facebook[\/et_pb_social_media_follow_network][et_pb_social_media_follow_network social_network=\u00bbinstagram\u00bb use_icon_font_size=\u00bbon\u00bb icon_font_size=\u00bb24px\u00bb _builder_version=\u00bb4.27.4&#8243; _module_preset=\u00bbdefault\u00bb background_enable_color=\u00bboff\u00bb global_colors_info=\u00bb{}\u00bb follow_button=\u00bboff\u00bb url_new_window=\u00bbon\u00bb]instagram[\/et_pb_social_media_follow_network][\/et_pb_social_media_follow][\/et_pb_column][et_pb_column type=\u00bb1_3&#8243; _builder_version=\u00bb4.27.4&#8243; _module_preset=\u00bbdefault\u00bb global_colors_info=\u00bb{}\u00bb][et_pb_text _builder_version=\u00bb4.27.4&#8243; _module_preset=\u00bbdefault\u00bb global_colors_info=\u00bb{}\u00bb]<\/p>\n<p style=\"text-align: left;\"><span style=\"font-size: x-large;\"><strong><span style=\"font-family: Lato; color: #ffffff;\">Contacto<\/span><\/strong><\/span><\/p>\n<p>[\/et_pb_text][et_pb_text _builder_version=\u00bb4.27.4&#8243; _module_preset=\u00bbdefault\u00bb global_colors_info=\u00bb{}\u00bb]<\/p>\n<p style=\"text-align: left;\"><span style=\"font-family: Lato; font-weight: normal; font-size: medium; color: #ffffff;\">Fijo: 22 885 85 19<br \/>Cel.: 9 &#8211; 429 76 95<br \/>mariarosaghi@yahoo.it<\/span><\/p>\n<p>[\/et_pb_text][\/et_pb_column][et_pb_column type=\u00bb1_3&#8243; _builder_version=\u00bb4.27.4&#8243; _module_preset=\u00bbdefault\u00bb global_colors_info=\u00bb{}\u00bb][et_pb_image src=\u00bbhttps:\/\/www.entornosite.ramirocarrion.com\/wordpress\/wp-content\/uploads\/2025\/03\/dante_logo_footer.png\u00bb title_text=\u00bbdante_logo_footer\u00bb align=\u00bbright\u00bb _builder_version=\u00bb4.27.4&#8243; _module_preset=\u00bbdefault\u00bb custom_padding=\u00bb|100px||100px||\u00bb global_colors_info=\u00bb{}\u00bb][\/et_pb_image][\/et_pb_column][\/et_pb_row][\/et_pb_section]<\/p>\n","protected":false},"excerpt":{"rendered":"<p>Lengua y Cultura Espa\u00f1ola B\u00e1sica o A1Descripci\u00f3n general: El curso es un acercamiento comunicativo al idioma espa\u00f1ol, y las clases son efectuadas enteramente en el idioma espa\u00f1ol, lo que permite al estudiante entrar en contacto directo con Chile y su cultura, para comprender y utilizar expresiones de uso diario y f\u00f3rmulas comunes de comunicaci\u00f3n, satisfacer [&hellip;]<\/p>\n","protected":false},"author":1,"featured_media":0,"parent":0,"menu_order":0,"comment_status":"closed","ping_status":"closed","template":"","meta":{"_et_pb_use_builder":"on","_et_pb_old_content":"","_et_gb_content_width":"","footnotes":""},"class_list":["post-372","page","type-page","status-publish","hentry"],"_links":{"self":[{"href":"https:\/\/www.entornosite.ramirocarrion.com\/wordpress\/wp-json\/wp\/v2\/pages\/372","targetHints":{"allow":["GET"]}}],"collection":[{"href":"https:\/\/www.entornosite.ramirocarrion.com\/wordpress\/wp-json\/wp\/v2\/pages"}],"about":[{"href":"https:\/\/www.entornosite.ramirocarrion.com\/wordpress\/wp-json\/wp\/v2\/types\/page"}],"author":[{"embeddable":true,"href":"https:\/\/www.entornosite.ramirocarrion.com\/wordpress\/wp-json\/wp\/v2\/users\/1"}],"replies":[{"embeddable":true,"href":"https:\/\/www.entornosite.ramirocarrion.com\/wordpress\/wp-json\/wp\/v2\/comments?post=372"}],"version-history":[{"count":10,"href":"https:\/\/www.entornosite.ramirocarrion.com\/wordpress\/wp-json\/wp\/v2\/pages\/372\/revisions"}],"predecessor-version":[{"id":482,"href":"https:\/\/www.entornosite.ramirocarrion.com\/wordpress\/wp-json\/wp\/v2\/pages\/372\/revisions\/482"}],"wp:attachment":[{"href":"https:\/\/www.entornosite.ramirocarrion.com\/wordpress\/wp-json\/wp\/v2\/media?parent=372"}],"curies":[{"name":"wp","href":"https:\/\/api.w.org\/{rel}","templated":true}]}}