{"id":326,"date":"2025-03-12T19:14:37","date_gmt":"2025-03-12T18:14:37","guid":{"rendered":"https:\/\/www.entornosite.ramirocarrion.com\/wordpress\/?page_id=326"},"modified":"2025-05-02T17:31:30","modified_gmt":"2025-05-02T15:31:30","slug":"curso-4","status":"publish","type":"page","link":"https:\/\/www.entornosite.ramirocarrion.com\/wordpress\/curso-4\/","title":{"rendered":"Curso 4"},"content":{"rendered":"<p>[et_pb_section fb_built=\u00bb1&#8243; admin_label=\u00bbAbout\u00bb _builder_version=\u00bb4.18.0&#8243; _module_preset=\u00bbdefault\u00bb custom_padding=\u00bb0px||0px||true|false\u00bb locked=\u00bboff\u00bb collapsed=\u00bbon\u00bb global_colors_info=\u00bb{}\u00bb][et_pb_row column_structure=\u00bb2_5,3_5&#8243; use_custom_gutter=\u00bbon\u00bb gutter_width=\u00bb1&#8243; make_equal=\u00bbon\u00bb _builder_version=\u00bb4.27.4&#8243; _module_preset=\u00bbdefault\u00bb width=\u00bb100%\u00bb max_width=\u00bb100%\u00bb custom_padding=\u00bb0px||0px||true|false\u00bb global_colors_info=\u00bb{}\u00bb][et_pb_column type=\u00bb2_5&#8243; _builder_version=\u00bb4.27.4&#8243; _module_preset=\u00bbdefault\u00bb background_image=\u00bbhttps:\/\/www.entornosite.ramirocarrion.com\/wordpress\/wp-content\/uploads\/2025\/03\/dante_curso_seccion_004.jpg\u00bb background_size=\u00bbcontain\u00bb background_position=\u00bbtop_right\u00bb background_vertical_offset=\u00bb0%\u00bb background_enable_mask_style=\u00bbon\u00bb background_mask_color=\u00bbRGBA(255,255,255,0)\u00bb global_colors_info=\u00bb{}\u00bb][et_pb_divider show_divider=\u00bboff\u00bb _builder_version=\u00bb4.27.4&#8243; _module_preset=\u00bbdefault\u00bb width=\u00bb60%\u00bb max_width=\u00bb60%\u00bb module_alignment=\u00bbleft\u00bb min_height=\u00bb336px\u00bb height_tablet=\u00bb106vw\u00bb height_phone=\u00bb64vw\u00bb height_last_edited=\u00bbon|phone\u00bb max_height=\u00bb231px\u00bb custom_padding=\u00bb|239px||||\u00bb global_colors_info=\u00bb{}\u00bb][\/et_pb_divider][\/et_pb_column][et_pb_column type=\u00bb3_5&#8243; _builder_version=\u00bb4.18.0&#8243; _module_preset=\u00bbdefault\u00bb custom_padding=\u00bb8%|10%|8%|10%|true|true\u00bb global_colors_info=\u00bb{}\u00bb][et_pb_text _builder_version=\u00bb4.27.4&#8243; _module_preset=\u00bb1f09816e-184e-4ce5-a4cf-b39c52c423ca\u00bb text_font=\u00bbNanum Gothic||||||||\u00bb text_font_size=\u00bb16px\u00bb text_line_height=\u00bb1.8em\u00bb custom_margin=\u00bb10px|5px|30px|5px|false|false\u00bb text_font_size_tablet=\u00bb15px\u00bb text_font_size_phone=\u00bb14px\u00bb text_font_size_last_edited=\u00bbon|phone\u00bb header_font_size_tablet=\u00bb55px\u00bb header_font_size_last_edited=\u00bboff|desktop\u00bb inline_fonts=\u00bbLato\u00bb global_colors_info=\u00bb{}\u00bb]<\/p>\n<h3 style=\"text-align: left;\"><span style=\"font-family: Lato; font-weight: normal; font-size: medium;\"><br \/><span style=\"font-size: x-large;\"><strong>Nivel Medio, B2:<\/strong><\/span><\/span><\/h3>\n<p><span style=\"font-family: Lato;\">Estos niveles son requeridos por las universidades, colegios, oficinas para las personas que van a Italia para estudiar o trabajar.<\/span><\/p>\n<p><span style=\"font-family: Lato;\">En estos niveles se adquiere la capacidad de comprender, ya sea textos hablados o escritos. La persona que lo adquiere puede interactuar en un contexto ital\u00f3fono, (de lengua italiana), ya sea por turismo o por otra actividad de trabajo.<\/span><\/p>\n<p><span style=\"font-family: Lato;\">El Nivel B2 es el que da la competencia o capacidad de interactuar en ambientes escolares, inscripciones en colegios o universidades, o bien en cursos profesionales, pr\u00e1cticas y actividades de trabajo que prev\u00e9n un desenvolvimiento p\u00fablico. La persona que lo adquiere se puede desenvolver en ambientes italianos y usar el idioma para actividades de trabajo relacionadas con su propio campo de especialidad.<\/span><\/p>\n<p><span style=\"font-family: Lato;\">Estos niveles, B1 y B2 se hacen en el Instituto y son cursos peque\u00f1os, pr\u00e1cticamente personalizados<\/span><\/p>\n<p>[\/et_pb_text][et_pb_audio title=\u00bbCosto: 140.00 euros (\u0404)\u00bb _builder_version=\u00bb4.27.4&#8243; _module_preset=\u00bbdefault\u00bb background_color=\u00bb#60c3f0&#8243; hover_enabled=\u00bb0&#8243; global_colors_info=\u00bb{}\u00bb sticky_enabled=\u00bb0&#8243;][\/et_pb_audio][et_pb_text _builder_version=\u00bb4.27.4&#8243; _module_preset=\u00bbdefault\u00bb custom_padding=\u00bb||28px|||\u00bb global_colors_info=\u00bb{}\u00bb][\/et_pb_text][\/et_pb_column][\/et_pb_row][\/et_pb_section][et_pb_section fb_built=\u00bb1&#8243; admin_label=\u00bbFooter\u00bb _builder_version=\u00bb4.27.4&#8243; _module_preset=\u00bbdefault\u00bb background_color=\u00bb#212121&#8243; background_enable_image=\u00bboff\u00bb custom_padding=\u00bb107px|||||\u00bb saved_tabs=\u00bball\u00bb collapsed=\u00bbon\u00bb global_colors_info=\u00bb{}\u00bb][et_pb_row column_structure=\u00bb1_3,1_3,1_3&#8243; _builder_version=\u00bb4.27.4&#8243; _module_preset=\u00bbdefault\u00bb global_colors_info=\u00bb{}\u00bb][et_pb_column type=\u00bb1_3&#8243; _builder_version=\u00bb4.27.4&#8243; _module_preset=\u00bbdefault\u00bb global_colors_info=\u00bb{}\u00bb][et_pb_text _builder_version=\u00bb4.27.4&#8243; _module_preset=\u00bbdefault\u00bb global_colors_info=\u00bb{}\u00bb]<\/p>\n<p><strong><span style=\"font-size: x-large; color: #ffffff;\">Redes Sociales<\/span><\/strong><\/p>\n<p>[\/et_pb_text][et_pb_social_media_follow _builder_version=\u00bb4.27.4&#8243; _module_preset=\u00bbdefault\u00bb custom_margin=\u00bb||18px|||\u00bb global_colors_info=\u00bb{}\u00bb][et_pb_social_media_follow_network social_network=\u00bbfacebook\u00bb use_icon_font_size=\u00bbon\u00bb icon_font_size=\u00bb24px\u00bb _builder_version=\u00bb4.27.4&#8243; _module_preset=\u00bbdefault\u00bb background_enable_color=\u00bboff\u00bb global_colors_info=\u00bb{}\u00bb follow_button=\u00bboff\u00bb url_new_window=\u00bbon\u00bb]facebook[\/et_pb_social_media_follow_network][et_pb_social_media_follow_network social_network=\u00bbinstagram\u00bb use_icon_font_size=\u00bbon\u00bb icon_font_size=\u00bb24px\u00bb _builder_version=\u00bb4.27.4&#8243; _module_preset=\u00bbdefault\u00bb background_enable_color=\u00bboff\u00bb global_colors_info=\u00bb{}\u00bb follow_button=\u00bboff\u00bb url_new_window=\u00bbon\u00bb]instagram[\/et_pb_social_media_follow_network][\/et_pb_social_media_follow][\/et_pb_column][et_pb_column type=\u00bb1_3&#8243; _builder_version=\u00bb4.27.4&#8243; _module_preset=\u00bbdefault\u00bb global_colors_info=\u00bb{}\u00bb][et_pb_text _builder_version=\u00bb4.27.4&#8243; _module_preset=\u00bbdefault\u00bb global_colors_info=\u00bb{}\u00bb]<\/p>\n<p style=\"text-align: left;\"><span style=\"font-size: x-large;\"><strong><span style=\"font-family: Lato; color: #ffffff;\">Contacto<\/span><\/strong><\/span><\/p>\n<p>[\/et_pb_text][et_pb_text _builder_version=\u00bb4.27.4&#8243; _module_preset=\u00bbdefault\u00bb global_colors_info=\u00bb{}\u00bb]<\/p>\n<p style=\"text-align: left;\"><span style=\"font-family: Lato; font-weight: normal; font-size: medium; color: #ffffff;\">Fijo: 22 885 85 19<br \/>Cel.: 9 &#8211; 429 76 95<br \/>mariarosaghi@yahoo.it<\/span><\/p>\n<p>[\/et_pb_text][\/et_pb_column][et_pb_column type=\u00bb1_3&#8243; _builder_version=\u00bb4.27.4&#8243; _module_preset=\u00bbdefault\u00bb global_colors_info=\u00bb{}\u00bb][et_pb_image src=\u00bbhttps:\/\/www.entornosite.ramirocarrion.com\/wordpress\/wp-content\/uploads\/2025\/03\/dante_logo_footer.png\u00bb title_text=\u00bbdante_logo_footer\u00bb align=\u00bbright\u00bb _builder_version=\u00bb4.27.4&#8243; _module_preset=\u00bbdefault\u00bb custom_padding=\u00bb|100px||100px||\u00bb global_colors_info=\u00bb{}\u00bb][\/et_pb_image][\/et_pb_column][\/et_pb_row][\/et_pb_section]<\/p>\n","protected":false},"excerpt":{"rendered":"<p>Nivel Medio, B2: Estos niveles son requeridos por las universidades, colegios, oficinas para las personas que van a Italia para estudiar o trabajar. En estos niveles se adquiere la capacidad de comprender, ya sea textos hablados o escritos. La persona que lo adquiere puede interactuar en un contexto ital\u00f3fono, (de lengua italiana), ya sea por [&hellip;]<\/p>\n","protected":false},"author":1,"featured_media":0,"parent":0,"menu_order":0,"comment_status":"closed","ping_status":"closed","template":"","meta":{"_et_pb_use_builder":"on","_et_pb_old_content":"","_et_gb_content_width":"","footnotes":""},"class_list":["post-326","page","type-page","status-publish","hentry"],"_links":{"self":[{"href":"https:\/\/www.entornosite.ramirocarrion.com\/wordpress\/wp-json\/wp\/v2\/pages\/326","targetHints":{"allow":["GET"]}}],"collection":[{"href":"https:\/\/www.entornosite.ramirocarrion.com\/wordpress\/wp-json\/wp\/v2\/pages"}],"about":[{"href":"https:\/\/www.entornosite.ramirocarrion.com\/wordpress\/wp-json\/wp\/v2\/types\/page"}],"author":[{"embeddable":true,"href":"https:\/\/www.entornosite.ramirocarrion.com\/wordpress\/wp-json\/wp\/v2\/users\/1"}],"replies":[{"embeddable":true,"href":"https:\/\/www.entornosite.ramirocarrion.com\/wordpress\/wp-json\/wp\/v2\/comments?post=326"}],"version-history":[{"count":9,"href":"https:\/\/www.entornosite.ramirocarrion.com\/wordpress\/wp-json\/wp\/v2\/pages\/326\/revisions"}],"predecessor-version":[{"id":471,"href":"https:\/\/www.entornosite.ramirocarrion.com\/wordpress\/wp-json\/wp\/v2\/pages\/326\/revisions\/471"}],"wp:attachment":[{"href":"https:\/\/www.entornosite.ramirocarrion.com\/wordpress\/wp-json\/wp\/v2\/media?parent=326"}],"curies":[{"name":"wp","href":"https:\/\/api.w.org\/{rel}","templated":true}]}}