{"id":315,"date":"2025-03-12T17:20:19","date_gmt":"2025-03-12T16:20:19","guid":{"rendered":"https:\/\/www.entornosite.ramirocarrion.com\/wordpress\/?page_id=315"},"modified":"2025-05-02T17:30:20","modified_gmt":"2025-05-02T15:30:20","slug":"curso-2","status":"publish","type":"page","link":"https:\/\/www.entornosite.ramirocarrion.com\/wordpress\/curso-2\/","title":{"rendered":"Curso 2"},"content":{"rendered":"<p>[et_pb_section fb_built=\u00bb1&#8243; admin_label=\u00bbAbout\u00bb _builder_version=\u00bb4.18.0&#8243; _module_preset=\u00bbdefault\u00bb custom_padding=\u00bb0px||0px||true|false\u00bb locked=\u00bboff\u00bb collapsed=\u00bbon\u00bb global_colors_info=\u00bb{}\u00bb][et_pb_row column_structure=\u00bb2_5,3_5&#8243; use_custom_gutter=\u00bbon\u00bb gutter_width=\u00bb1&#8243; make_equal=\u00bbon\u00bb _builder_version=\u00bb4.27.4&#8243; _module_preset=\u00bbdefault\u00bb width=\u00bb100%\u00bb max_width=\u00bb100%\u00bb custom_padding=\u00bb0px||0px||true|false\u00bb global_colors_info=\u00bb{}\u00bb][et_pb_column type=\u00bb2_5&#8243; _builder_version=\u00bb4.27.4&#8243; _module_preset=\u00bbdefault\u00bb background_image=\u00bbhttps:\/\/www.entornosite.ramirocarrion.com\/wordpress\/wp-content\/uploads\/2025\/03\/dante_curso_seccion_002.jpg\u00bb background_size=\u00bbcontain\u00bb background_position=\u00bbtop_right\u00bb background_vertical_offset=\u00bb0%\u00bb background_enable_mask_style=\u00bbon\u00bb background_mask_color=\u00bbRGBA(255,255,255,0)\u00bb global_colors_info=\u00bb{}\u00bb][et_pb_divider show_divider=\u00bboff\u00bb _builder_version=\u00bb4.27.4&#8243; _module_preset=\u00bbdefault\u00bb width=\u00bb60%\u00bb max_width=\u00bb60%\u00bb module_alignment=\u00bbleft\u00bb min_height=\u00bb336px\u00bb height_tablet=\u00bb106vw\u00bb height_phone=\u00bb64vw\u00bb height_last_edited=\u00bbon|phone\u00bb max_height=\u00bb231px\u00bb custom_padding=\u00bb|239px||||\u00bb global_colors_info=\u00bb{}\u00bb][\/et_pb_divider][\/et_pb_column][et_pb_column type=\u00bb3_5&#8243; _builder_version=\u00bb4.18.0&#8243; _module_preset=\u00bbdefault\u00bb custom_padding=\u00bb8%|10%|8%|10%|true|true\u00bb global_colors_info=\u00bb{}\u00bb][et_pb_text _builder_version=\u00bb4.27.4&#8243; _module_preset=\u00bb1f09816e-184e-4ce5-a4cf-b39c52c423ca\u00bb text_font=\u00bbNanum Gothic||||||||\u00bb text_font_size=\u00bb16px\u00bb text_line_height=\u00bb1.8em\u00bb custom_margin=\u00bb10px|5px|30px|5px|false|false\u00bb text_font_size_tablet=\u00bb15px\u00bb text_font_size_phone=\u00bb14px\u00bb text_font_size_last_edited=\u00bbon|phone\u00bb header_font_size_tablet=\u00bb55px\u00bb header_font_size_last_edited=\u00bboff|desktop\u00bb inline_fonts=\u00bbLato\u00bb global_colors_info=\u00bb{}\u00bb]<\/p>\n<h3 style=\"text-align: left;\"><span style=\"font-family: Lato; font-weight: normal; font-size: medium;\"><br \/><span style=\"font-size: x-large;\"><strong>Nivel A2 o de la Sobrevivencia:<\/strong><\/span><\/span><\/h3>\n<p><span style=\"font-family: Lato;\">El nivel A2 sigue la misma estructura del anterior, incorporando elementos gramaticales nuevos, vocabulario, uso y modos de decir del idioma en la medida que se integran todos los aspectos anteriores.<\/span><\/p>\n<p><span style=\"font-family: Lato;\">Este nivel debe entregar m\u00e1s autonom\u00eda en contextos comunicativos b\u00e1sicos: el alumno est\u00e1 capacitado para desarrollar tareas relacionadas a necesidades primarias del \u00e1mbito individual, su entorno, su trabajo, las compras, etc.<\/span><\/p>\n<p><span style=\"font-family: Lato;\">Es una profundizaci\u00f3n del primer nivel.<\/span><\/p>\n<p><span style=\"font-family: Lato;\"><strong>Elementos Gramaticales:<\/strong><\/span><\/p>\n<p><span style=\"font-family: Lato;\">-Adjetivos posesivos: su uso y sus reglas;<\/span><\/p>\n<p><span style=\"font-family: Lato;\">-Tiempo indicativo imperfecto: verbos regulares e irregulares, diferencia entre imperfecto y pasado.<\/span><\/p>\n<p><span style=\"font-family: Lato;\">-Pronombres directos, partitivo ne;<\/span><\/p>\n<p><span style=\"font-family: Lato;\">-Verbos reflefos<\/span><\/p>\n<p><span style=\"font-family: Lato;\">-Pronombres indirectos; pronombres directos e indirectos en tiempos compuestos;<\/span><\/p>\n<p><span style=\"font-family: Lato;\">-Imperativo directo<\/span><\/p>\n<p><span style=\"font-family: Lato;\">-Condicional simple y compuesto<\/span><\/p>\n<p><span style=\"font-family: Lato;\">Elementos Comunicativos y Lexicales o Vocabulario<\/span><\/p>\n<p><span style=\"font-family: Lato;\">-La familia, nombres de parientes, comida italiana, pedir en el restor\u00e1n, expresar preferencia, contar la trama de una pel\u00edcula, hablar de recuerdos, describir hechos del pasado, poner en orden cronol\u00f3gico una o m\u00e1s acciones del pasado, expresar acuerdo o desacuerdo, alegr\u00eda, desagrado; hacer las compras para expresar cantidad con el uso del partitivo ne; ofrecer, aceptar, rechazar una ayuda; hablar de un programa, dar una opini\u00f3n, hablar de un concierto, pedir un deseo, pedir de forma amable, hacer hip\u00f3tesis, etc.<\/span><\/p>\n<p><span style=\"font-family: Lato;\">Hasta aqu\u00ed llega el nivel b\u00e1sico.<\/span><\/p>\n<p>[\/et_pb_text][et_pb_audio title=\u00bbCosto: 130.00 euros (\u0404)\u00bb _builder_version=\u00bb4.27.4&#8243; _module_preset=\u00bbdefault\u00bb background_color=\u00bb#60c3f0&#8243; hover_enabled=\u00bb0&#8243; global_colors_info=\u00bb{}\u00bb sticky_enabled=\u00bb0&#8243;][\/et_pb_audio][\/et_pb_column][\/et_pb_row][\/et_pb_section][et_pb_section fb_built=\u00bb1&#8243; admin_label=\u00bbFooter\u00bb _builder_version=\u00bb4.27.4&#8243; _module_preset=\u00bbdefault\u00bb background_color=\u00bb#212121&#8243; background_enable_image=\u00bboff\u00bb custom_padding=\u00bb107px|||||\u00bb saved_tabs=\u00bball\u00bb collapsed=\u00bbon\u00bb global_colors_info=\u00bb{}\u00bb][et_pb_row column_structure=\u00bb1_3,1_3,1_3&#8243; _builder_version=\u00bb4.27.4&#8243; _module_preset=\u00bbdefault\u00bb global_colors_info=\u00bb{}\u00bb][et_pb_column type=\u00bb1_3&#8243; _builder_version=\u00bb4.27.4&#8243; _module_preset=\u00bbdefault\u00bb global_colors_info=\u00bb{}\u00bb][et_pb_text _builder_version=\u00bb4.27.4&#8243; _module_preset=\u00bbdefault\u00bb global_colors_info=\u00bb{}\u00bb]<\/p>\n<p><strong><span style=\"font-size: x-large; color: #ffffff;\">Redes Sociales<\/span><\/strong><\/p>\n<p>[\/et_pb_text][et_pb_social_media_follow _builder_version=\u00bb4.27.4&#8243; _module_preset=\u00bbdefault\u00bb custom_margin=\u00bb||18px|||\u00bb global_colors_info=\u00bb{}\u00bb][et_pb_social_media_follow_network social_network=\u00bbfacebook\u00bb use_icon_font_size=\u00bbon\u00bb icon_font_size=\u00bb24px\u00bb _builder_version=\u00bb4.27.4&#8243; _module_preset=\u00bbdefault\u00bb background_enable_color=\u00bboff\u00bb global_colors_info=\u00bb{}\u00bb follow_button=\u00bboff\u00bb url_new_window=\u00bbon\u00bb]facebook[\/et_pb_social_media_follow_network][et_pb_social_media_follow_network social_network=\u00bbinstagram\u00bb use_icon_font_size=\u00bbon\u00bb icon_font_size=\u00bb24px\u00bb _builder_version=\u00bb4.27.4&#8243; _module_preset=\u00bbdefault\u00bb background_enable_color=\u00bboff\u00bb global_colors_info=\u00bb{}\u00bb follow_button=\u00bboff\u00bb url_new_window=\u00bbon\u00bb]instagram[\/et_pb_social_media_follow_network][\/et_pb_social_media_follow][\/et_pb_column][et_pb_column type=\u00bb1_3&#8243; _builder_version=\u00bb4.27.4&#8243; _module_preset=\u00bbdefault\u00bb global_colors_info=\u00bb{}\u00bb][et_pb_text _builder_version=\u00bb4.27.4&#8243; _module_preset=\u00bbdefault\u00bb global_colors_info=\u00bb{}\u00bb]<\/p>\n<p style=\"text-align: left;\"><span style=\"font-size: x-large;\"><strong><span style=\"font-family: Lato; color: #ffffff;\">Contacto<\/span><\/strong><\/span><\/p>\n<p>[\/et_pb_text][et_pb_text _builder_version=\u00bb4.27.4&#8243; _module_preset=\u00bbdefault\u00bb global_colors_info=\u00bb{}\u00bb]<\/p>\n<p style=\"text-align: left;\"><span style=\"font-family: Lato; font-weight: normal; font-size: medium; color: #ffffff;\">Fijo: 22 885 85 19<br \/>Cel.: 9 &#8211; 429 76 95<br \/>mariarosaghi@yahoo.it<\/span><\/p>\n<p>[\/et_pb_text][\/et_pb_column][et_pb_column type=\u00bb1_3&#8243; _builder_version=\u00bb4.27.4&#8243; _module_preset=\u00bbdefault\u00bb global_colors_info=\u00bb{}\u00bb][et_pb_image src=\u00bbhttps:\/\/www.entornosite.ramirocarrion.com\/wordpress\/wp-content\/uploads\/2025\/03\/dante_logo_footer.png\u00bb title_text=\u00bbdante_logo_footer\u00bb align=\u00bbright\u00bb _builder_version=\u00bb4.27.4&#8243; _module_preset=\u00bbdefault\u00bb custom_padding=\u00bb|100px||100px||\u00bb global_colors_info=\u00bb{}\u00bb][\/et_pb_image][\/et_pb_column][\/et_pb_row][\/et_pb_section]<\/p>\n","protected":false},"excerpt":{"rendered":"<p>Nivel A2 o de la Sobrevivencia: El nivel A2 sigue la misma estructura del anterior, incorporando elementos gramaticales nuevos, vocabulario, uso y modos de decir del idioma en la medida que se integran todos los aspectos anteriores. Este nivel debe entregar m\u00e1s autonom\u00eda en contextos comunicativos b\u00e1sicos: el alumno est\u00e1 capacitado para desarrollar tareas relacionadas [&hellip;]<\/p>\n","protected":false},"author":1,"featured_media":0,"parent":0,"menu_order":0,"comment_status":"closed","ping_status":"closed","template":"","meta":{"_et_pb_use_builder":"on","_et_pb_old_content":"","_et_gb_content_width":"","footnotes":""},"class_list":["post-315","page","type-page","status-publish","hentry"],"_links":{"self":[{"href":"https:\/\/www.entornosite.ramirocarrion.com\/wordpress\/wp-json\/wp\/v2\/pages\/315","targetHints":{"allow":["GET"]}}],"collection":[{"href":"https:\/\/www.entornosite.ramirocarrion.com\/wordpress\/wp-json\/wp\/v2\/pages"}],"about":[{"href":"https:\/\/www.entornosite.ramirocarrion.com\/wordpress\/wp-json\/wp\/v2\/types\/page"}],"author":[{"embeddable":true,"href":"https:\/\/www.entornosite.ramirocarrion.com\/wordpress\/wp-json\/wp\/v2\/users\/1"}],"replies":[{"embeddable":true,"href":"https:\/\/www.entornosite.ramirocarrion.com\/wordpress\/wp-json\/wp\/v2\/comments?post=315"}],"version-history":[{"count":9,"href":"https:\/\/www.entornosite.ramirocarrion.com\/wordpress\/wp-json\/wp\/v2\/pages\/315\/revisions"}],"predecessor-version":[{"id":469,"href":"https:\/\/www.entornosite.ramirocarrion.com\/wordpress\/wp-json\/wp\/v2\/pages\/315\/revisions\/469"}],"wp:attachment":[{"href":"https:\/\/www.entornosite.ramirocarrion.com\/wordpress\/wp-json\/wp\/v2\/media?parent=315"}],"curies":[{"name":"wp","href":"https:\/\/api.w.org\/{rel}","templated":true}]}}