{"id":272,"date":"2025-03-05T19:14:55","date_gmt":"2025-03-05T18:14:55","guid":{"rendered":"https:\/\/www.entornosite.ramirocarrion.com\/wordpress\/?page_id=272"},"modified":"2025-05-02T17:29:52","modified_gmt":"2025-05-02T15:29:52","slug":"curso-1","status":"publish","type":"page","link":"https:\/\/www.entornosite.ramirocarrion.com\/wordpress\/curso-1\/","title":{"rendered":"Curso 1"},"content":{"rendered":"<p>[et_pb_section fb_built=\u00bb1&#8243; admin_label=\u00bbAbout\u00bb _builder_version=\u00bb4.18.0&#8243; _module_preset=\u00bbdefault\u00bb custom_padding=\u00bb0px||0px||true|false\u00bb locked=\u00bboff\u00bb collapsed=\u00bbon\u00bb global_colors_info=\u00bb{}\u00bb][et_pb_row column_structure=\u00bb2_5,3_5&#8243; use_custom_gutter=\u00bbon\u00bb gutter_width=\u00bb1&#8243; make_equal=\u00bbon\u00bb _builder_version=\u00bb4.27.4&#8243; _module_preset=\u00bbdefault\u00bb width=\u00bb100%\u00bb max_width=\u00bb100%\u00bb custom_padding=\u00bb0px||0px||true|false\u00bb global_colors_info=\u00bb{}\u00bb][et_pb_column type=\u00bb2_5&#8243; _builder_version=\u00bb4.27.4&#8243; _module_preset=\u00bbdefault\u00bb background_image=\u00bbhttps:\/\/www.entornosite.ramirocarrion.com\/wordpress\/wp-content\/uploads\/2025\/03\/dante_curso_seccion_001.jpg\u00bb background_size=\u00bbcontain\u00bb background_position=\u00bbtop_right\u00bb background_vertical_offset=\u00bb0%\u00bb background_enable_mask_style=\u00bbon\u00bb background_mask_color=\u00bbRGBA(255,255,255,0)\u00bb global_colors_info=\u00bb{}\u00bb][et_pb_divider show_divider=\u00bboff\u00bb _builder_version=\u00bb4.27.4&#8243; _module_preset=\u00bbdefault\u00bb width=\u00bb60%\u00bb max_width=\u00bb60%\u00bb module_alignment=\u00bbleft\u00bb min_height=\u00bb336px\u00bb height_tablet=\u00bb106vw\u00bb height_phone=\u00bb64vw\u00bb height_last_edited=\u00bbon|phone\u00bb max_height=\u00bb231px\u00bb custom_padding=\u00bb|239px||||\u00bb global_colors_info=\u00bb{}\u00bb][\/et_pb_divider][\/et_pb_column][et_pb_column type=\u00bb3_5&#8243; _builder_version=\u00bb4.18.0&#8243; _module_preset=\u00bbdefault\u00bb custom_padding=\u00bb8%|10%|8%|10%|true|true\u00bb global_colors_info=\u00bb{}\u00bb][et_pb_text _builder_version=\u00bb4.27.4&#8243; _module_preset=\u00bb1f09816e-184e-4ce5-a4cf-b39c52c423ca\u00bb text_font=\u00bbNanum Gothic||||||||\u00bb text_font_size=\u00bb16px\u00bb text_line_height=\u00bb1.8em\u00bb custom_margin=\u00bb10px|5px|30px|5px|false|false\u00bb text_font_size_tablet=\u00bb15px\u00bb text_font_size_phone=\u00bb14px\u00bb text_font_size_last_edited=\u00bbon|phone\u00bb header_font_size_tablet=\u00bb55px\u00bb header_font_size_last_edited=\u00bboff|desktop\u00bb inline_fonts=\u00bbLato\u00bb global_colors_info=\u00bb{}\u00bb]<\/p>\n<h3 style=\"text-align: left;\"><span style=\"font-family: Lato; font-weight: normal; font-size: medium;\"><br \/><span style=\"font-size: x-large;\"><strong>A1 o B\u00e1sico, Nivel de Contacto:<\/strong><\/span><\/span><\/h3>\n<p><span style=\"font-family: Lato;\">El Objetivo de este curso es poner en contacto por primera vez a los alumnos con la Lengua Italiana, y puedan recibir los elementos necesarios para lograr al final del curso poder:<\/span><br \/><span style=\"font-family: Lato;\">1- Leer en italiano<\/span><br \/><span style=\"font-family: Lato;\">2- Entender el idioma<\/span><br \/><span style=\"font-family: Lato;\">3- Formular peque\u00f1as frases, preguntas, respuestas y ser capaces de sostener breves di\u00e1logos en italiano y poder describir un aspecto de la cultura italiana cercano al ambiente familiar, ej: describir la casa, presentarse, pedir informaci\u00f3n, dar informaci\u00f3n, etc.<\/span><br \/><span style=\"font-family: Lato;\"><strong>Metodolog\u00eda del curso:<\/strong><\/span><br \/><span style=\"font-family: Lato;\">La primera actividad est\u00e1 dirigida a escuchar breves conversaciones que en la medida que avanza el curso, se ir\u00e1n haciendo m\u00e1s complejas, porque se van integrando los elementos gramaticales para usarlos en seguida para hablar. En estas peque\u00f1as descripciones est\u00e1n contenidos:<\/span><br \/><span style=\"font-family: Lato;\"><strong>Elementos Gramaticales:<\/strong><\/span><br \/><span style=\"font-family: Lato;\">1 \u2013Fon\u00e9tica: sonidos, c\u00f3mo se pronuncian las s\u00edlabas en Italiano<\/span><br \/><span style=\"font-family: Lato;\">2 \u2013 Verbos auxiliares ser y estar; verbos indicativos, tiempo presente, pasado (passato prossimo), y futuro<\/span><br \/><span style=\"font-family: Lato;\">3 \u2013 Art\u00edculos determinados e indeterminados<\/span><br \/><span style=\"font-family: Lato;\">4 \u2013 N\u00famero: singular, plural, regular e irregular en art\u00edculos, adjetivos, nombres, etc.<\/span><br \/><span style=\"font-family: Lato;\">5 \u2013 Los pronombres personales; uso del T\u00fa y de Usted<\/span><br \/><span style=\"font-family: Lato;\"><strong>Elementos lexicales o vocabulario:<\/strong><\/span><br \/><span style=\"font-family: Lato;\">Se aprende el vocabulario para conocer el ambiente familiar de la persona, lo que est\u00e1 a su alrededor:: la familia, la casa, los medios de transporte, el restor\u00e1n, el supermercado, la profesi\u00f3n, la ropa, la descripci\u00f3n f\u00edsica y psicol\u00f3gica de la persona, etc.<\/span><br \/><span style=\"font-family: Lato;\"><strong>Elementos Culturales<\/strong><\/span><br \/><span style=\"font-family: Lato;\">Lo que se aprendi\u00f3 arriba se va integrando con la explicaci\u00f3n del uso que se da a estas elementos en un ambiente italiano, las costumbres, las reglas, c\u00f3mo se hacen las cosas en Italia, qu\u00e9 significan en ese \u00e1mbito: ir a un caf\u00e9, ir a una tienda a comprar, ir al restor\u00e1n, etc.<\/span><br \/><span style=\"font-family: Lato;\"><strong>Conclusi\u00f3n<\/strong><\/span><br \/><span style=\"font-family: Lato;\">Con todos estos elementos, el alumno va, durante las clases ,interactuando con el profesor y sus compa\u00f1eros de curso, va repitiendo y fijando estructuras para que al final de este curso pueda entender, escribir, leer y poder formular peque\u00f1as preguntas, frases, y descripciones; c\u00f3mo se puede entender las clases de 2 horas cronol\u00f3gicas son verdaderos talleres para practicar una lengua nueva que es dif\u00edcil de adquirir y necesita la colaboraci\u00f3n y participaci\u00f3n del alumno.<\/span><br \/><span style=\"font-family: Lato;\">Texto o libro del alumno: este texto trae consigo dos partes:<\/span><br \/><span style=\"font-family: Lato;\">-La primera para trabajar en clases con el profesor y la segunda para ejercitarse en la casa.<\/span><br \/><span style=\"font-family: Lato;\">Trae un cd y un dvd personal para que lo pueda usar cuando lo requiera.<\/span><br \/><span style=\"font-family: Lato;\">Se aconseja el uso de un diccionario personal para consultar siempre que se necesite.<\/span><\/p>\n<p><span style=\"font-family: Lato;\">N\u00famero de horas: el trimestre contempla 24 horas cronol\u00f3gicas divididas en 12 clases con frecuencia de una o dos clases semanales, a convenir con el grupo.<\/span><br \/><span style=\"font-family: Lato;\">N\u00famero de alumnos: nuestros cursos son peque\u00f1os, 6 o 7 alumnos por curso, por lo que las clases son personalizadas, talleres de trabajo.<\/span><br \/><span style=\"font-family: Lato;\">Frecuencia de cursos: se abren cursos A1 todos los meses y empieza el a\u00f1o acad\u00e9mico en marzo.<\/span><\/p>\n<p>[\/et_pb_text][et_pb_audio title=\u00bbCosto: 130.00 euros (\u0404)\u00bb _builder_version=\u00bb4.27.4&#8243; _module_preset=\u00bbdefault\u00bb background_color=\u00bb#60c3f0&#8243; hover_enabled=\u00bb0&#8243; global_colors_info=\u00bb{}\u00bb sticky_enabled=\u00bb0&#8243;][\/et_pb_audio][\/et_pb_column][\/et_pb_row][\/et_pb_section][et_pb_section fb_built=\u00bb1&#8243; _builder_version=\u00bb4.27.4&#8243; _module_preset=\u00bbdefault\u00bb background_color=\u00bb#60c3f0&#8243; custom_padding=\u00bb75px|||||\u00bb global_colors_info=\u00bb{}\u00bb][et_pb_row _builder_version=\u00bb4.27.4&#8243; _module_preset=\u00bbdefault\u00bb global_colors_info=\u00bb{}\u00bb][et_pb_column type=\u00bb4_4&#8243; _builder_version=\u00bb4.27.4&#8243; _module_preset=\u00bbdefault\u00bb global_colors_info=\u00bb{}\u00bb][et_pb_text _builder_version=\u00bb4.27.4&#8243; _module_preset=\u00bbdefault\u00bb text_text_color=\u00bb#FFFFFF\u00bb custom_margin=\u00bb5px|||||\u00bb custom_padding=\u00bb0px|||||\u00bb global_colors_info=\u00bb{}\u00bb]<\/p>\n<p style=\"text-align: center;\"><span style=\"font-family: Lato; font-weight: normal; font-size: xx-large;\">OBT\u00c9N TU CERTIFICACI\u00d3N PLIDA<\/span><\/p>\n<p>[\/et_pb_text][et_pb_text _builder_version=\u00bb4.27.4&#8243; _module_preset=\u00bbdefault\u00bb text_text_color=\u00bb#FFFFFF\u00bb custom_padding=\u00bb||9px|||\u00bb global_colors_info=\u00bb{}\u00bb]<\/p>\n<p style=\"text-align: center;\"><span style=\"font-family: Lato; font-weight: normal; font-size: x-large;\">Certificaci\u00f3n del Idioma Italiano: PLIDA Progetto Lingua Italiana Dante Alighieri: PLIDA<\/span><\/p>\n<p>[\/et_pb_text][\/et_pb_column][\/et_pb_row][et_pb_row _builder_version=\u00bb4.27.4&#8243; _module_preset=\u00bbdefault\u00bb custom_padding=\u00bb||36px|||\u00bb global_colors_info=\u00bb{}\u00bb][et_pb_column type=\u00bb4_4&#8243; _builder_version=\u00bb4.27.4&#8243; _module_preset=\u00bbdefault\u00bb global_colors_info=\u00bb{}\u00bb][et_pb_button button_text=\u00bbM\u00c1S INFORMACI\u00d3N\u00bb button_alignment=\u00bbcenter\u00bb _builder_version=\u00bb4.27.4&#8243; _module_preset=\u00bbdefault\u00bb background_layout=\u00bbdark\u00bb global_colors_info=\u00bb{}\u00bb][\/et_pb_button][\/et_pb_column][\/et_pb_row][\/et_pb_section][et_pb_section fb_built=\u00bb1&#8243; admin_label=\u00bbFooter\u00bb _builder_version=\u00bb4.27.4&#8243; _module_preset=\u00bbdefault\u00bb background_color=\u00bb#212121&#8243; background_enable_image=\u00bboff\u00bb custom_padding=\u00bb107px|||||\u00bb saved_tabs=\u00bball\u00bb collapsed=\u00bbon\u00bb global_colors_info=\u00bb{}\u00bb][et_pb_row column_structure=\u00bb1_3,1_3,1_3&#8243; _builder_version=\u00bb4.27.4&#8243; _module_preset=\u00bbdefault\u00bb global_colors_info=\u00bb{}\u00bb][et_pb_column type=\u00bb1_3&#8243; _builder_version=\u00bb4.27.4&#8243; _module_preset=\u00bbdefault\u00bb global_colors_info=\u00bb{}\u00bb][et_pb_text _builder_version=\u00bb4.27.4&#8243; _module_preset=\u00bbdefault\u00bb global_colors_info=\u00bb{}\u00bb]<\/p>\n<p><strong><span style=\"font-size: x-large; color: #ffffff;\">Redes Sociales<\/span><\/strong><\/p>\n<p>[\/et_pb_text][et_pb_social_media_follow _builder_version=\u00bb4.27.4&#8243; _module_preset=\u00bbdefault\u00bb custom_margin=\u00bb||18px|||\u00bb global_colors_info=\u00bb{}\u00bb][et_pb_social_media_follow_network social_network=\u00bbfacebook\u00bb use_icon_font_size=\u00bbon\u00bb icon_font_size=\u00bb24px\u00bb _builder_version=\u00bb4.27.4&#8243; _module_preset=\u00bbdefault\u00bb background_enable_color=\u00bboff\u00bb global_colors_info=\u00bb{}\u00bb follow_button=\u00bboff\u00bb url_new_window=\u00bbon\u00bb]facebook[\/et_pb_social_media_follow_network][et_pb_social_media_follow_network social_network=\u00bbinstagram\u00bb use_icon_font_size=\u00bbon\u00bb icon_font_size=\u00bb24px\u00bb _builder_version=\u00bb4.27.4&#8243; _module_preset=\u00bbdefault\u00bb background_enable_color=\u00bboff\u00bb global_colors_info=\u00bb{}\u00bb follow_button=\u00bboff\u00bb url_new_window=\u00bbon\u00bb]instagram[\/et_pb_social_media_follow_network][\/et_pb_social_media_follow][\/et_pb_column][et_pb_column type=\u00bb1_3&#8243; _builder_version=\u00bb4.27.4&#8243; _module_preset=\u00bbdefault\u00bb global_colors_info=\u00bb{}\u00bb][et_pb_text _builder_version=\u00bb4.27.4&#8243; _module_preset=\u00bbdefault\u00bb global_colors_info=\u00bb{}\u00bb]<\/p>\n<p style=\"text-align: left;\"><span style=\"font-size: x-large;\"><strong><span style=\"font-family: Lato; color: #ffffff;\">Contacto<\/span><\/strong><\/span><\/p>\n<p>[\/et_pb_text][et_pb_text _builder_version=\u00bb4.27.4&#8243; _module_preset=\u00bbdefault\u00bb global_colors_info=\u00bb{}\u00bb]<\/p>\n<p style=\"text-align: left;\"><span style=\"font-family: Lato; font-weight: normal; font-size: medium; color: #ffffff;\">Fijo: 22 885 85 19<br \/>Cel.: 9 &#8211; 429 76 95<br \/>mariarosaghi@yahoo.it<\/span><\/p>\n<p>[\/et_pb_text][\/et_pb_column][et_pb_column type=\u00bb1_3&#8243; _builder_version=\u00bb4.27.4&#8243; _module_preset=\u00bbdefault\u00bb global_colors_info=\u00bb{}\u00bb][et_pb_image src=\u00bbhttps:\/\/www.entornosite.ramirocarrion.com\/wordpress\/wp-content\/uploads\/2025\/03\/dante_logo_footer.png\u00bb title_text=\u00bbdante_logo_footer\u00bb align=\u00bbright\u00bb _builder_version=\u00bb4.27.4&#8243; _module_preset=\u00bbdefault\u00bb custom_padding=\u00bb|100px||100px||\u00bb global_colors_info=\u00bb{}\u00bb][\/et_pb_image][\/et_pb_column][\/et_pb_row][\/et_pb_section]<\/p>\n","protected":false},"excerpt":{"rendered":"<p>A1 o B\u00e1sico, Nivel de Contacto: El Objetivo de este curso es poner en contacto por primera vez a los alumnos con la Lengua Italiana, y puedan recibir los elementos necesarios para lograr al final del curso poder:1- Leer en italiano2- Entender el idioma3- Formular peque\u00f1as frases, preguntas, respuestas y ser capaces de sostener breves [&hellip;]<\/p>\n","protected":false},"author":1,"featured_media":0,"parent":0,"menu_order":0,"comment_status":"closed","ping_status":"closed","template":"","meta":{"_et_pb_use_builder":"on","_et_pb_old_content":"","_et_gb_content_width":"","footnotes":""},"class_list":["post-272","page","type-page","status-publish","hentry"],"_links":{"self":[{"href":"https:\/\/www.entornosite.ramirocarrion.com\/wordpress\/wp-json\/wp\/v2\/pages\/272","targetHints":{"allow":["GET"]}}],"collection":[{"href":"https:\/\/www.entornosite.ramirocarrion.com\/wordpress\/wp-json\/wp\/v2\/pages"}],"about":[{"href":"https:\/\/www.entornosite.ramirocarrion.com\/wordpress\/wp-json\/wp\/v2\/types\/page"}],"author":[{"embeddable":true,"href":"https:\/\/www.entornosite.ramirocarrion.com\/wordpress\/wp-json\/wp\/v2\/users\/1"}],"replies":[{"embeddable":true,"href":"https:\/\/www.entornosite.ramirocarrion.com\/wordpress\/wp-json\/wp\/v2\/comments?post=272"}],"version-history":[{"count":19,"href":"https:\/\/www.entornosite.ramirocarrion.com\/wordpress\/wp-json\/wp\/v2\/pages\/272\/revisions"}],"predecessor-version":[{"id":468,"href":"https:\/\/www.entornosite.ramirocarrion.com\/wordpress\/wp-json\/wp\/v2\/pages\/272\/revisions\/468"}],"wp:attachment":[{"href":"https:\/\/www.entornosite.ramirocarrion.com\/wordpress\/wp-json\/wp\/v2\/media?parent=272"}],"curies":[{"name":"wp","href":"https:\/\/api.w.org\/{rel}","templated":true}]}}